{"id":842,"date":"2019-05-21T10:58:36","date_gmt":"2019-05-21T10:58:36","guid":{"rendered":"http:\/\/coi-olhos.com.br\/oftalmologia\/?page_id=842"},"modified":"2024-03-22T18:18:17","modified_gmt":"2024-03-22T18:18:17","slug":"lente-de-contato","status":"publish","type":"page","link":"https:\/\/coi-olhos.com.br\/oftalmologia\/lente-de-contato\/","title":{"rendered":"Lente de Contato"},"content":{"rendered":"\n<p><strong>Bem-vindo ao Centro de Adapta\u00e7\u00e3o de Lentes de Contato<\/strong><\/p>\n\n\n\n<p>No Centro Oftalmol\u00f3gico de Ipanema, estamos comprometidos em fornecer solu\u00e7\u00f5es visuais personalizadas para atender \u00e0s necessidades individuais de cada paciente. Nosso Centro de Adapta\u00e7\u00e3o de Lentes de Contato \u00e9 um ponto focal de excel\u00eancia, onde combinamos tecnologia de ponta com a experi\u00eancia de nossos especialistas para oferecer as melhores op\u00e7\u00f5es em lentes de contato.<\/p>\n\n\n\n<p>Com uma equipe dedicada de contat\u00f3logas altamente qualificadas, o Centro de Adapta\u00e7\u00e3o de Lentes de Contato do Centro Oftalmol\u00f3gico de Ipanema \u00e9 reconhecido como o maior do Rio de Janeiro. Aqui, realizamos testes abrangentes e precisos para garantir a adapta\u00e7\u00e3o perfeita de lentes de contato para cada paciente.<\/p>\n\n\n\n<p>Nossos consult\u00f3rios exclusivos s\u00e3o projetados para proporcionar um ambiente confort\u00e1vel e acolhedor, onde os pacientes podem se submeter aos testes necess\u00e1rios com tranquilidade e confian\u00e7a. Estamos equipados com uma variedade de lentes de contato de \u00faltima gera\u00e7\u00e3o, permitindo que experimentemos diferentes op\u00e7\u00f5es para encontrar aquela que melhor se adapta \u00e0s suas necessidades visuais e estilo de vida.<\/p>\n\n\n\n<p>Seja para corrigir problemas de vis\u00e3o, como miopia, astigmatismo, hipermetropia ou presbiopia, ou para finalidades est\u00e9ticas, estamos aqui para ajudar. Nosso compromisso \u00e9 garantir que cada paciente saia do nosso Centro de Adapta\u00e7\u00e3o de Lentes de Contato com uma vis\u00e3o clara e confort\u00e1vel, proporcionando uma melhor qualidade de vida atrav\u00e9s da corre\u00e7\u00e3o visual.<\/p>\n\n\n\n<p>Agende uma consulta conosco hoje mesmo e descubra como as lentes de contato podem transformar a sua experi\u00eancia visual. Estamos ansiosos para ajud\u00e1-lo a enxergar o mundo de uma maneira completamente nova.<br><\/p>\n","protected":false},"excerpt":{"rendered":"<p>Bem-vindo ao Centro de Adapta\u00e7\u00e3o de Lentes de Contato No Centro Oftalmol\u00f3gico de Ipanema, estamos comprometidos em fornecer solu\u00e7\u00f5es visuais personalizadas para atender \u00e0s necessidades individuais de cada paciente. Nosso Centro de Adapta\u00e7\u00e3o de Lentes de Contato \u00e9 um ponto focal de excel\u00eancia, onde combinamos tecnologia de ponta com a experi\u00eancia de nossos especialistas para&hellip;&nbsp;<a href=\"https:\/\/coi-olhos.com.br\/oftalmologia\/lente-de-contato\/\" class=\"\" rel=\"bookmark\">Continue a ler &raquo;<span class=\"screen-reader-text\">Lente de Contato<\/span><\/a><\/p>\n","protected":false},"author":1,"featured_media":0,"parent":0,"menu_order":0,"comment_status":"closed","ping_status":"closed","template":"","meta":{"neve_meta_sidebar":"","neve_meta_container":"","neve_meta_enable_content_width":"","neve_meta_content_width":0,"neve_meta_title_alignment":"","neve_meta_author_avatar":"","neve_post_elements_order":"","neve_meta_disable_header":"","neve_meta_disable_footer":"","neve_meta_disable_title":"","_themeisle_gutenberg_block_has_review":false,"_ti_tpc_template_sync":false,"_ti_tpc_template_id":"","footnotes":""},"_links":{"self":[{"href":"https:\/\/coi-olhos.com.br\/oftalmologia\/wp-json\/wp\/v2\/pages\/842"}],"collection":[{"href":"https:\/\/coi-olhos.com.br\/oftalmologia\/wp-json\/wp\/v2\/pages"}],"about":[{"href":"https:\/\/coi-olhos.com.br\/oftalmologia\/wp-json\/wp\/v2\/types\/page"}],"author":[{"embeddable":true,"href":"https:\/\/coi-olhos.com.br\/oftalmologia\/wp-json\/wp\/v2\/users\/1"}],"replies":[{"embeddable":true,"href":"https:\/\/coi-olhos.com.br\/oftalmologia\/wp-json\/wp\/v2\/comments?post=842"}],"version-history":[{"count":2,"href":"https:\/\/coi-olhos.com.br\/oftalmologia\/wp-json\/wp\/v2\/pages\/842\/revisions"}],"predecessor-version":[{"id":1436,"href":"https:\/\/coi-olhos.com.br\/oftalmologia\/wp-json\/wp\/v2\/pages\/842\/revisions\/1436"}],"wp:attachment":[{"href":"https:\/\/coi-olhos.com.br\/oftalmologia\/wp-json\/wp\/v2\/media?parent=842"}],"curies":[{"name":"wp","href":"https:\/\/api.w.org\/{rel}","templated":true}]}}