{"id":36,"date":"2015-10-23T13:52:25","date_gmt":"2015-10-23T13:52:25","guid":{"rendered":"http:\/\/coi-olhos.com.br\/oftalmologia\/?page_id=36"},"modified":"2016-09-29T14:57:54","modified_gmt":"2016-09-29T14:57:54","slug":"exames","status":"publish","type":"page","link":"https:\/\/coi-olhos.com.br\/oftalmologia\/exames\/","title":{"rendered":"Exames"},"content":{"rendered":"<h4>ANGIOFLUORESCEINOGRAFIA<\/h4>\n<p>A angiografia fluoresce\u00ednica digital computadorizada, realizada atrav\u00e9s do moderno retin\u00f3grafo Kowa, \u00e9 um exame de fotodocumenta\u00e7\u00e3o contrastada para diagn\u00f3stico de patologias da retina. Possibilita o estudo de doen\u00e7as da retina em fases iniciais e o tratamento adequado de maneira precoce. Esse aparelho d\u00e1 op\u00e7\u00e3o de se usar a indocianina verde para se fazer alguns diagn\u00f3sticos, os quais n\u00e3o poderiam ser feitos com o uso da fluoresce\u00edna.<\/p>\n<p>&nbsp;<\/p>\n<h4>ACUIDADE VISUAL &#8220;A LASER&#8221;<\/h4>\n<p>\u00c9 uma caracter\u00edstica do olho de reconhecer dois pontos muito pr\u00f3ximos. V\u00e1rios fatores especificam a esta acuidade, em especial, a dist\u00e2ncia entre os foto-receptores na retina e tamb\u00e9m da precis\u00e3o\u00e9 da refra\u00e7\u00e3o.<\/p>\n<p>Ela \u00e9 determinada pela menor imagem retiniana percebida pelo indiv\u00edduo. Sua medida \u00e9 dada pela rela\u00e7\u00e3o entre o tamanho do menor objeto (optotipo) visualizado e a dist\u00e2ncia entre observador e objeto. A diminui\u00e7\u00e3o da acuidade visual causa importante d\u00e9ficit (d\u00e9fice) funcional e consider\u00e1vel morbidade a seus portadores. Seu reconhecimento \u00e9 importante, pois na maior parte das vezes tal defici\u00eancia pode ser corrigida com terap\u00eautica adequada. A acuidade visual pode ser medida atrav\u00e9s de escalas opt\u00f3tipos.<\/p>\n<p>&nbsp;<\/p>\n<h4>CAMPIMETRIA COMPUTADORIZADA<\/h4>\n<p>Utilizamos o camp\u00edmetro Octopus\/Interzeag para realizar a campimetria computadorizada. Esta avalia os defeitos do campo visual e escotomas, monocular ou binocular. \u00c9 importante para diagn\u00f3stico e acompanhamento de diversas patologias oculares, entre elas, o glaucoma.<\/p>\n<p>&nbsp;<\/p>\n<h4>ECOBIOMETRIA ULTRASS\u00d4NICA<\/h4>\n<p>Faz a medida do comprimento axial do globo ocular, necess\u00e1ria para o c\u00e1lculo da lente intra-ocular a ser implantada, ap\u00f3s a retirada do cristalino, na cirurgia de catarata.<\/p>\n<p>Exame ultrassonogr\u00e1fico realizado para identificar as estruturas ou altera\u00e7\u00f5es do interior do olho, quando isso \u00e9 imposs\u00edvel pela opacidade dos meios transparentes. Assim, \u00e9 \u00fatil no diagnostico dos tumores, hemorragias e descolamentos da retina.<\/p>\n<p>&nbsp;<\/p>\n<h4>GONIOSCOPIA<\/h4>\n<p>\u00c9 um exame de vis\u00e3o que utiliza uma lente especial para o estudo do \u00e2ngulo da c\u00e2mara anterior do olho, onde \u00e9 realizada a drenagem do humor aquoso (l\u00edquido que preenche a c\u00e2mara anterior).<br \/>\nA indica\u00e7\u00e3o do exame Gonioscopia \u00e9 fundamental para o diagn\u00f3stico e tratamento do glaucoma.<\/p>\n<p>&nbsp;<\/p>\n<h4>MAPEAMENTO DE RETINA<\/h4>\n<p>\u00c9 um exame complementar (n\u00e3o faz parte da consulta normal) onde todo o fundo do olho e as suas estruturas s\u00e3o avaliados. Difere da fundoscopia simples porque neste exame s\u00f3 as estruturas centrais do fundo do olho s\u00e3o visualizadas. O mapeamento da retina \u00e9 feito com a utiliza\u00e7\u00e3o de um aparelho chamado oftalmosc\u00f3pio indireto e com o aux\u00edlio de uma lente que o m\u00e9dico segura entre o olho e o aparelho, a qual neutraliza o poder de refra\u00e7\u00e3o da c\u00f3rnea e assim permite a visualiza\u00e7\u00e3o das estruturas internas. Devido \u00e0 forte luz utilizada, mesmo em olhos com opacidades de meios como catarata ou doen\u00e7as da c\u00f3rnea, o exame \u00e9 poss\u00edvel.<\/p>\n<p>&nbsp;<\/p>\n<h4>PAQUIMETRIA<\/h4>\n<p>\u00c9 um exame que mede a espessura da c\u00f3rnea. \u00c9 indicado nos casos de suspeita de Glaucoma, edema de c\u00f3rneas e pr\u00e9-operat\u00f3rios de cirurgias refrativas. \u00c9 um exame indolor e de r\u00e1pida execu\u00e7\u00e3o. O paciente deve estar sem \u00f3culos ou lentes de contato caso fa\u00e7a uso. Para sua realiza\u00e7\u00e3o \u00e9 apenas necess\u00e1ria a instila\u00e7\u00e3o de uma gota de col\u00edrio anest\u00e9sico e que o paciente fixe o olhar no ponto determinado pelo m\u00e9dico, para que com uma sonda ultrass\u00f4nica sejam feitas as medidas.<\/p>\n<p>&nbsp;<\/p>\n<h4>PENTACAM<\/h4>\n<p>O Pentacam possui uma c\u00e2mera rotat\u00f3ria, que fotografa o segmento anterior do olho em 360\u00b0, em terceira dimens\u00e3o, com tomadas de at\u00e9 50 imagens com 25 mil pontos de eleva\u00e7\u00e3o, em poucos segundos. \u201cA partir deste exame \u00e9 poss\u00edvel avaliar a espessura da c\u00f3rnea na sua totalidade, sendo apresentada na forma de um mapa colorido\u201d.<\/p>\n<p>A t\u00e9cnica \u00e9 muito necess\u00e1ria no pr\u00e9-operat\u00f3rio da cirurgia refrativa; no diagn\u00f3stico e acompanhamento do ceratocone (doen\u00e7a degenerativa da c\u00f3rnea); na adapta\u00e7\u00e3o de lentes de contato; no glaucoma, para avaliar se o \u00e2ngulo da c\u00e2mara anterior \u00e9 estreito ou aberto, facilitando a terap\u00eautica; na evolu\u00e7\u00e3o da catarata para medir a densidade de opacifica\u00e7\u00e3o do n\u00facleo do cristalino; no p\u00f3s-operat\u00f3rio da catarata para avaliar se a pr\u00f3tese implantada est\u00e1 centrada.<\/p>\n<p>&nbsp;<\/p>\n<h4>RETINOGRAFIA<\/h4>\n<p>\u00c9 um exame de imagem que fotografa as \u00e1reas do fundo do olho, como a retina, a cor\u00f3ide, o nervo \u00f3ptico e os vasos sangu\u00edneos.<\/p>\n<p>Os m\u00e9todos para a realiza\u00e7\u00e3o deste exame de vis\u00e3o s\u00e3o:<\/p>\n<p>\u2022 Retinografia Colorida (simples): consiste na fotografia do fundo do olho. O exame permite a documenta\u00e7\u00e3o de altera\u00e7\u00f5es na retina e no nervo \u00f3ptico, fundamental no acompanhamento de doen\u00e7as progressivas.<\/p>\n<p>\u2022 Retinografia Fluorescente ou Angiofluoresceinografia: analisa a retina, a cor\u00f3ide e os vasos sangu\u00edneos atrav\u00e9s de fotos obtidas com uma ilumina\u00e7\u00e3o especial e com uso de filtros. O exame utiliza um contraste chamado fluoresce\u00edna que permite o estudo de camadas diferentes dessas estruturas do fundo do olho. \u00c9 utilizado para o acompanhamento e diagn\u00f3stico de doen\u00e7as como a retinopatia diab\u00e9tica, degenera\u00e7\u00e3o macular, oclus\u00f5es vasculares da retina, entre outras.<\/p>\n<p>&nbsp;<\/p>\n<h4>TOPOGRAFIA<\/h4>\n<p>\u00c9 um estudo topogr\u00e1fico da superf\u00edcie anterior do olho e permite o estudo de distor\u00e7\u00f5es da c\u00f3rnea (como aquelas que existem no ceratocone e cicatrizes corneanas) e a an\u00e1lise da regularidade e posi\u00e7\u00e3o do astigmatismo. \u00c9 um exame fundamental para os candidatos a cirurgia refrativa e \u00fatil no planejamento das incis\u00f5es na cirurgia de catarata, assim como na adapta\u00e7\u00e3o de lentes de contato.<\/p>\n","protected":false},"excerpt":{"rendered":"<p>ANGIOFLUORESCEINOGRAFIA A angiografia fluoresce\u00ednica digital computadorizada, realizada atrav\u00e9s do moderno retin\u00f3grafo Kowa, \u00e9 um exame de fotodocumenta\u00e7\u00e3o contrastada para diagn\u00f3stico de patologias da retina. Possibilita o estudo de doen\u00e7as da retina em fases iniciais e o tratamento adequado de maneira precoce. Esse aparelho d\u00e1 op\u00e7\u00e3o de se usar a indocianina verde para se fazer alguns&hellip;&nbsp;<a href=\"https:\/\/coi-olhos.com.br\/oftalmologia\/exames\/\" class=\"\" rel=\"bookmark\">Continue a ler &raquo;<span class=\"screen-reader-text\">Exames<\/span><\/a><\/p>\n","protected":false},"author":1,"featured_media":0,"parent":0,"menu_order":0,"comment_status":"open","ping_status":"open","template":"","meta":{"neve_meta_sidebar":"","neve_meta_container":"","neve_meta_enable_content_width":"","neve_meta_content_width":0,"neve_meta_title_alignment":"","neve_meta_author_avatar":"","neve_post_elements_order":"","neve_meta_disable_header":"","neve_meta_disable_footer":"","neve_meta_disable_title":"","_themeisle_gutenberg_block_has_review":false,"_ti_tpc_template_sync":false,"_ti_tpc_template_id":"","footnotes":""},"_links":{"self":[{"href":"https:\/\/coi-olhos.com.br\/oftalmologia\/wp-json\/wp\/v2\/pages\/36"}],"collection":[{"href":"https:\/\/coi-olhos.com.br\/oftalmologia\/wp-json\/wp\/v2\/pages"}],"about":[{"href":"https:\/\/coi-olhos.com.br\/oftalmologia\/wp-json\/wp\/v2\/types\/page"}],"author":[{"embeddable":true,"href":"https:\/\/coi-olhos.com.br\/oftalmologia\/wp-json\/wp\/v2\/users\/1"}],"replies":[{"embeddable":true,"href":"https:\/\/coi-olhos.com.br\/oftalmologia\/wp-json\/wp\/v2\/comments?post=36"}],"version-history":[{"count":3,"href":"https:\/\/coi-olhos.com.br\/oftalmologia\/wp-json\/wp\/v2\/pages\/36\/revisions"}],"predecessor-version":[{"id":166,"href":"https:\/\/coi-olhos.com.br\/oftalmologia\/wp-json\/wp\/v2\/pages\/36\/revisions\/166"}],"wp:attachment":[{"href":"https:\/\/coi-olhos.com.br\/oftalmologia\/wp-json\/wp\/v2\/media?parent=36"}],"curies":[{"name":"wp","href":"https:\/\/api.w.org\/{rel}","templated":true}]}}