{"id":131,"date":"2016-06-28T15:29:41","date_gmt":"2016-06-28T15:29:41","guid":{"rendered":"http:\/\/coi-olhos.com.br\/oftalmologia\/?page_id=131"},"modified":"2016-06-28T16:07:02","modified_gmt":"2016-06-28T16:07:02","slug":"cirurgia-de-catarata","status":"publish","type":"page","link":"https:\/\/coi-olhos.com.br\/oftalmologia\/cirurgias\/cirurgia-de-catarata\/","title":{"rendered":"Cirurgia de Catarata"},"content":{"rendered":"<h2 class=\"accordion-dois\">O que \u00e9?<\/h2>\n<div id=\"collapse1\" class=\"accordion-dois-conteudo\">\n<div class=\"\" data-event-category=\"Conte\u00fado MV\" data-event-action=\"Continuar lendo\" data-event-label=\"Tudo Sobre N\u00e3o Estruturado\">\n<div class=\"panel-body\">\n<p class=\"textoCorrido \">A catarata e um processo de opacifica\u00e7\u00e3o do cristalino, que \u00e9 uma lente natural dos olhos localizada atr\u00e1s da \u00edris. Essa lente (cristalino) \u00e9 normalmente clara e transparente. Com o aparecimento da catarata, ela se torna opaca e impede a passagem dos raios luminosos que formam a imagem no fundo do olho.<\/p>\n<\/div>\n<div class=\"panel-body\">\n<p class=\"textoCorrido \">O \u00fanico tratamento eficaz para a catarata \u00e9 a cirurgia, n\u00e3o existindo col\u00edrios ou \u00f3culos que eliminem a doen\u00e7a. A catarata \u00e9 respons\u00e1vel por 20 milh\u00f5es de cegos no mundo, e no Brasil 350 mil pessoas apresentam cegueira por conta da doen\u00e7a. No entanto, a perda de vis\u00e3o \u00e9 revers\u00edvel com a cirurgia.<\/p>\n<\/div>\n<div class=\"panel-body\">\n<p class=\"textoCorrido \">A cirurgia de catarata utiliza um laser e facoemulsifica\u00e7\u00e3o. S\u00e3o feitas incis\u00f5es no olho para introdu\u00e7\u00e3o de uma c\u00e2nula no globo ocular, ligada a um equipamento que aspira e dilui a catarata.<\/p>\n<\/div>\n<h2 class=\"accordion-dois\">Exames necess\u00e1rios para realizar a cirurgia<\/h2>\n<div id=\"collapse3\" class=\"accordion-dois-conteudo\">\n<div class=\"\" data-event-category=\"Conte\u00fado MV\" data-event-action=\"Continuar lendo\" data-event-label=\"Tudo Sobre N\u00e3o Estruturado\">\n<div class=\"panel-body\">\n<p class=\"textoCorrido publicidadeTeAds\">Os candidatos \u00e0 cirurgia de catarata devem ser avaliados por um oftalmologista, que ir\u00e1 realizar uma s\u00e9rie de exames oftalmol\u00f3gicos como acuidade visual, fundo do olho, press\u00e3o intraocular, topografia da c\u00f3rnea, ultrassonografia do globo ocular e um exame para c\u00e1lculo da lente intraocular a ser implantada.<\/p>\n<div id=\"teAds\">Tamb\u00e9m ser\u00e1 solicitada uma avalia\u00e7\u00e3o cardiol\u00f3gica e exames de sangue.<\/div>\n<\/div>\n<div class=\"panel-body\">\n<h2 class=\"accordion-dois\">Tipos de anestesia<\/h2>\n<div id=\"collapse4\" class=\"accordion-dois-conteudo\">\n<div class=\"\" data-event-category=\"Conte\u00fado MV\" data-event-action=\"Continuar lendo\" data-event-label=\"Tudo Sobre N\u00e3o Estruturado\">\n<div class=\"panel-body\">\n<p class=\"textoCorrido \">A cirurgia de catarata na maioria dos casos \u00e9 feita apenas com col\u00edrios e uma seda\u00e7\u00e3o leve, exceto se o paciente tiver alguma contraindica\u00e7\u00e3o de sa\u00fade que necessite outro tipo de anestesia.<\/p>\n<\/div>\n<h2 class=\"accordion-dois\">Como \u00e9 realizada<\/h2>\n<div id=\"collapse5\" class=\"accordion-dois-conteudo\">\n<div class=\"\" data-event-category=\"Conte\u00fado MV\" data-event-action=\"Continuar lendo\" data-event-label=\"Tudo Sobre N\u00e3o Estruturado\">\n<div class=\"panel-body\">\n<p class=\"textoCorrido \">A t\u00e9cnica atual \u00e9 a cirurgia combinada com laser e facoemulsifica\u00e7\u00e3o. O laser faz as incis\u00f5es e ruptura da catarata e a facoemulsifica\u00e7\u00e3o faz a remo\u00e7\u00e3o da catarata.<\/p>\n<\/div>\n<div class=\"panel-body\">\n<p class=\"textoCorrido \">S\u00e3o feitas incis\u00f5es menores de 3,5mm com um laser nos olhos. \u00c9 inserida atrav\u00e9s dessa ruptura uma esp\u00e9cie de c\u00e2nula no globo ocular, ligada a um equipamento ultra-s\u00f4nico que aspira dilui a catarata.<\/p>\n<\/div>\n<div class=\"panel-body\">\n<p class=\"textoCorrido \">Em seguida, \u00e9 implantada uma lente intraocular atrav\u00e9s da incis\u00e3o. Esta lente varia de pessoa a pessoa, pois al\u00e9m do grau existem lentes monofocais e multifocais. Quem decidir\u00e1 qual a melhor lente ser\u00e1 o medico juntamente com o paciente.<\/p>\n<\/div>\n<div class=\"panel-body\">\n<p class=\"textoCorrido \">Em todo o procedimento o paciente fica deitado e \u00e9 utilizado um microsc\u00f3pio para a visualiza\u00e7\u00e3o da cirurgia.<br \/>\nAp\u00f3s a cirurgia de catarata, o olho operado ter\u00e1 um curativo que pode ser feito com gaze, tamp\u00e3o de acr\u00edlico ou \u00f3culos escuros, dependendo da t\u00e9cnica utilizada. Ser\u00e3o receitados col\u00edrios por um per\u00edodo.<\/p>\n<\/div>\n<div class=\"panel-body\">\n<p class=\"textoCorrido \">Por ser feito com uma t\u00e9cnica segura, a cirurgia de catarata pode ser realizada centros especializados, n\u00e3o necessitando de interna\u00e7\u00e3o. O paciente tem alta logo ap\u00f3s o procedimento, podendo voltar para sua casa.<\/p>\n<\/div>\n<div class=\"panel-body\">\n<p class=\"textoCorrido \">Tanto o procedimento, sua t\u00e9cnica e as lentes intraoculares s\u00e3o de amplo conhecimento dos oftalmologistas aptos a realizar a cirurgia de catarata.<\/p>\n<\/div>\n<h2 class=\"accordion-dois\">Qual m\u00e9dico realiza a cirurgia<\/h2>\n<div id=\"collapse6\" class=\"accordion-dois-conteudo\">\n<div class=\"\" data-event-category=\"Conte\u00fado MV\" data-event-action=\"Continuar lendo\" data-event-label=\"Tudo Sobre N\u00e3o Estruturado\">\n<div class=\"panel-body\">\n<p class=\"textoCorrido \">Tanto o procedimento, sua t\u00e9cnica e as lentes intraoculares s\u00e3o de amplo conhecimento dos oftalmologistas aptos a realizar a cirurgia de catarata.<\/p>\n<\/div>\n<h2 class=\"accordion-dois\">Tempo de dura\u00e7\u00e3o do procedimento<\/h2>\n<div id=\"collapse7\" class=\"accordion-dois-conteudo\">\n<div class=\"\" data-event-category=\"Conte\u00fado MV\" data-event-action=\"Continuar lendo\" data-event-label=\"Tudo Sobre N\u00e3o Estruturado\">\n<div class=\"panel-body\">\n<p class=\"textoCorrido \">O tempo da cirurgia de catarata varia de pessoa a pessoa, mas em geral dura em m\u00e9dia 20 minutos.<\/p>\n<h2 class=\"accordion-dois\">Cuidados ap\u00f3s a cirurgia<\/h2>\n<div id=\"collapse8\" class=\"accordion-dois-conteudo\">\n<div class=\"\" data-event-category=\"Conte\u00fado MV\" data-event-action=\"Continuar lendo\" data-event-label=\"Tudo Sobre N\u00e3o Estruturado\">\n<div class=\"panel-body\">\n<p class=\"textoCorrido \">Ap\u00f3s a cirurgia de catarata, o paciente retorna para casa e tem a indica\u00e7\u00e3o de permanecer sentado em local confort\u00e1vel. Normalmente a vis\u00e3o retorna ao normal em poucas horas, e o paciente volta a suas atividades normais ap\u00f3s poucos dias, n\u00e3o podendo praticar atividades de impacto ou que tenham risco de impacto, como esportes, exerc\u00edcios f\u00edsicos ou dirigir. Al\u00e9m disso, outros cuidados devem ser tomados com os olhos, como:<\/p>\n<\/div>\n<div class=\"panel-body\">\n<ul>\n<li>N\u00e3o esfregar<\/li>\n<li>N\u00e3o co\u00e7ar<\/li>\n<li>N\u00e3o dormir sobre o olho operado nos primeiros dias p\u00f3s-operat\u00f3rio<\/li>\n<li>N\u00e3o realizar esfor\u00e7o f\u00edsico.<\/li>\n<\/ul>\n<h2 class=\"accordion-dois\">Riscos da cirurgia de catarata<\/h2>\n<div id=\"collapse9\" class=\"accordion-dois-conteudo\">\n<div class=\"\" data-event-category=\"Conte\u00fado MV\" data-event-action=\"Continuar lendo\" data-event-label=\"Tudo Sobre N\u00e3o Estruturado\">\n<div class=\"panel-body\">\n<p class=\"textoCorrido \">A maioria das cirurgias de catarata ocorre sem complica\u00e7\u00f5es. No entanto, elas podem acontecer.<\/p>\n<\/div>\n<div class=\"panel-body\">\n<p class=\"textoCorrido \">Nos dias seguintes a cirurgia, pode acontecer:<\/p>\n<\/div>\n<div class=\"panel-body\">\n<ul>\n<li>Sangramento<\/li>\n<li>Olho machucado ou roxo<\/li>\n<li>Vazamento pela incis\u00e3o<\/li>\n<li>Infec\u00e7\u00e3o ou endoftalmite<\/li>\n<li>Inflama\u00e7\u00e3o<\/li>\n<li>Glaucoma<\/li>\n<li>Astigmatismo pronunciado<\/li>\n<li>Descolamento de retina<\/li>\n<li>Lacera\u00e7\u00e3o da c\u00e1psula posterior<\/li>\n<li>Deslocamento da lente intraocular.<\/li>\n<\/ul>\n<\/div>\n<div class=\"panel-body\">\n<p class=\"textoCorrido \">Meses ap\u00f3s a realiza\u00e7\u00e3o da cirurgia de catarata, pode ocorrer:<\/p>\n<\/div>\n<div class=\"panel-body\">\n<ul>\n<li>Edema macular cistoide<\/li>\n<li>Catarata secund\u00e1ria.<\/li>\n<\/ul>\n<h2 class=\"accordion-dois\">Custos da cirurgia de catarata<\/h2>\n<div id=\"collapse10\" class=\"accordion-dois-conteudo\">\n<div class=\"\" data-event-category=\"Conte\u00fado MV\" data-event-action=\"Continuar lendo\" data-event-label=\"Tudo Sobre N\u00e3o Estruturado\">\n<div class=\"panel-body\">\n<p class=\"textoCorrido \">Alguns Planos de Sa\u00fade cobrem a realiza\u00e7\u00e3o da cirurgia de catarata. Verifique se esse \u00e9 o seu caso. Os pre\u00e7os variam conforme a cidade e procedimentos que s\u00e3o realizados.<\/p>\n<\/div>\n<h5 class=\"accordion-dois\">Refer\u00eancias<\/h5>\n<div id=\"collapse12\" class=\"accordion-dois-conteudo\">\n<div class=\"\" data-event-category=\"Conte\u00fado MV\" data-event-action=\"Continuar lendo\" data-event-label=\"Tudo Sobre N\u00e3o Estruturado\">\n<div class=\"panel-body\">\n<p class=\"textoCorrido \">Escrito por: Alfredo Tranjan, oftalmologista especialista do Portal Minha Vida<\/p>\n<\/div>\n<\/div>\n<\/div>\n<\/div>\n<\/div>\n<\/div>\n<\/div>\n<\/div>\n<\/div>\n<\/div>\n<\/div>\n<\/div>\n<\/div>\n<\/div>\n<\/div>\n<\/div>\n<\/div>\n<\/div>\n<\/div>\n<\/div>\n<\/div>\n<\/div>\n<\/div>\n<p class=\"textoCorrido \">\n<\/div>\n<\/div>\n","protected":false},"excerpt":{"rendered":"<p>O que \u00e9? A catarata e um processo de opacifica\u00e7\u00e3o do cristalino, que \u00e9 uma lente natural dos olhos localizada atr\u00e1s da \u00edris. Essa lente (cristalino) \u00e9 normalmente clara e transparente. Com o aparecimento da catarata, ela se torna opaca e impede a passagem dos raios luminosos que formam a imagem no fundo do olho.&hellip;&nbsp;<a href=\"https:\/\/coi-olhos.com.br\/oftalmologia\/cirurgias\/cirurgia-de-catarata\/\" class=\"\" rel=\"bookmark\">Continue a ler &raquo;<span class=\"screen-reader-text\">Cirurgia de Catarata<\/span><\/a><\/p>\n","protected":false},"author":1,"featured_media":0,"parent":38,"menu_order":1,"comment_status":"closed","ping_status":"closed","template":"","meta":{"neve_meta_sidebar":"","neve_meta_container":"","neve_meta_enable_content_width":"","neve_meta_content_width":0,"neve_meta_title_alignment":"","neve_meta_author_avatar":"","neve_post_elements_order":"","neve_meta_disable_header":"","neve_meta_disable_footer":"","neve_meta_disable_title":"","_themeisle_gutenberg_block_has_review":false,"_ti_tpc_template_sync":false,"_ti_tpc_template_id":"","footnotes":""},"_links":{"self":[{"href":"https:\/\/coi-olhos.com.br\/oftalmologia\/wp-json\/wp\/v2\/pages\/131"}],"collection":[{"href":"https:\/\/coi-olhos.com.br\/oftalmologia\/wp-json\/wp\/v2\/pages"}],"about":[{"href":"https:\/\/coi-olhos.com.br\/oftalmologia\/wp-json\/wp\/v2\/types\/page"}],"author":[{"embeddable":true,"href":"https:\/\/coi-olhos.com.br\/oftalmologia\/wp-json\/wp\/v2\/users\/1"}],"replies":[{"embeddable":true,"href":"https:\/\/coi-olhos.com.br\/oftalmologia\/wp-json\/wp\/v2\/comments?post=131"}],"version-history":[{"count":1,"href":"https:\/\/coi-olhos.com.br\/oftalmologia\/wp-json\/wp\/v2\/pages\/131\/revisions"}],"predecessor-version":[{"id":133,"href":"https:\/\/coi-olhos.com.br\/oftalmologia\/wp-json\/wp\/v2\/pages\/131\/revisions\/133"}],"up":[{"embeddable":true,"href":"https:\/\/coi-olhos.com.br\/oftalmologia\/wp-json\/wp\/v2\/pages\/38"}],"wp:attachment":[{"href":"https:\/\/coi-olhos.com.br\/oftalmologia\/wp-json\/wp\/v2\/media?parent=131"}],"curies":[{"name":"wp","href":"https:\/\/api.w.org\/{rel}","templated":true}]}}